{"id":231,"date":"2018-03-26T14:51:41","date_gmt":"2018-03-26T12:51:41","guid":{"rendered":"https:\/\/blog.unimc.it\/archivisticattiva\/?page_id=231"},"modified":"2018-03-26T14:51:41","modified_gmt":"2018-03-26T12:51:41","slug":"archivisti-attivi-intervista","status":"publish","type":"page","link":"https:\/\/blog.unimc.it\/archivisticattiva\/archivisti-attivi-intervista\/","title":{"rendered":"Archivisti Attivi. Intervista."},"content":{"rendered":"<p><a href=\"http:\/\/www.adrianapaolini.it\/archivisti-attivi-intervista-federico-valacchi\/\">Leggi<\/a> l&#8217;intervista a cura di Adriana Paolini a Federico Valacchi.<\/p>\n<p>&nbsp;<\/p>\n<p><strong>Che cos\u2019\u00e8 Archivistica attiva?<img loading=\"lazy\" decoding=\"async\" class=\"size-thumbnail wp-image-2141 alignright\" src=\"http:\/\/www.adrianapaolini.it\/wp-content\/uploads\/2018\/03\/federico-184x184.jpg\" alt=\"\" width=\"150\" height=\"150\" \/><\/strong><\/p>\n<p>\u00c8 fondamentalmente una comunit\u00e0 di valori: un gruppo social che prima dell\u2019archivistica condivide dei valori, fatti di passioni, emozioni, partecipazione, e che ha trovato poi stabilit\u00e0 di contenuti in un blog, <a href=\"\/archivisticattiva\/\">Archivisticattiva<\/a>. In questo modo si \u00e8 voluto creare uno spazio di discussione, un punto di incontro e talvolta di scontro, per staccarsi dai \u2018soliti\u2019 argomenti, o, meglio dal solito modo di trattarli.<span id=\"more-2137\"><\/span><\/p>\n<p>Dalla fondazione del gruppo, nel luglio 2017 abbiamo gi\u00e0 raccolto l\u2019adesione di circa 1000 persone,\u00a0ma c\u2019\u00e8 ancora poca partecipazione al dibattito. Il nostro obiettivo principale \u00e8 quello di stimolare il cambiamento di uno \u2018stato d\u2019animo\u2019 nelle persone che fanno questo mestiere, attraverso la discussione, soprattutto in quelle che lo fanno dall\u2019esterno delle istituzioni. Vorremmo sollecitare tutti a (ri)mettersi in gioco. Per questo si \u00e8 pensato di portare la discussione anche fuori dal web, e lo abbiamo fatto a Torino e a <a href=\"\/archivisticattiva\/streaming-trento\/\">Trento<\/a>.<\/p>\n<p>&nbsp;<\/p>\n<p><a href=\"http:\/\/www.adrianapaolini.it\/archivisti-attivi-intervista-federico-valacchi\/\">Continua sul blog&#8230;<\/a><\/p>\n","protected":false},"excerpt":{"rendered":"<p>Leggi l&#8217;intervista a cura di Adriana Paolini a Federico Valacchi. &nbsp; Che cos\u2019\u00e8 Archivistica attiva? \u00c8 fondamentalmente una comunit\u00e0 di valori: un gruppo social che prima dell\u2019archivistica condivide dei valori, fatti di passioni, emozioni,&#46;&#46;&#46;<\/p>\n","protected":false},"author":4,"featured_media":0,"parent":0,"menu_order":0,"comment_status":"closed","ping_status":"closed","template":"","meta":{"footnotes":""},"class_list":["post-231","page","type-page","status-publish","hentry"],"_links":{"self":[{"href":"https:\/\/blog.unimc.it\/archivisticattiva\/wp-json\/wp\/v2\/pages\/231","targetHints":{"allow":["GET"]}}],"collection":[{"href":"https:\/\/blog.unimc.it\/archivisticattiva\/wp-json\/wp\/v2\/pages"}],"about":[{"href":"https:\/\/blog.unimc.it\/archivisticattiva\/wp-json\/wp\/v2\/types\/page"}],"author":[{"embeddable":true,"href":"https:\/\/blog.unimc.it\/archivisticattiva\/wp-json\/wp\/v2\/users\/4"}],"replies":[{"embeddable":true,"href":"https:\/\/blog.unimc.it\/archivisticattiva\/wp-json\/wp\/v2\/comments?post=231"}],"version-history":[{"count":0,"href":"https:\/\/blog.unimc.it\/archivisticattiva\/wp-json\/wp\/v2\/pages\/231\/revisions"}],"wp:attachment":[{"href":"https:\/\/blog.unimc.it\/archivisticattiva\/wp-json\/wp\/v2\/media?parent=231"}],"curies":[{"name":"wp","href":"https:\/\/api.w.org\/{rel}","templated":true}]}}